{"id":3943,"date":"2018-04-16T11:57:04","date_gmt":"2018-04-16T09:57:04","guid":{"rendered":"https:\/\/browarwarszawski.com\/testimonials\/"},"modified":"2026-01-08T16:28:23","modified_gmt":"2026-01-08T15:28:23","slug":"testimonials","status":"publish","type":"page","link":"https:\/\/browarwarszawski.com\/en\/testimonials\/","title":{"rendered":"Testimonials"},"content":{"rendered":"<div class=\"wpb-content-wrapper\"><p>[vc_row row_content_width=&#8221;grid&#8221; css=&#8221;.vc_custom_1654784365304{margin-top: 50px !important;}&#8221;][vc_column][\/vc_column][vc_column_text css_animation=&#8221;fadeIn&#8221;]<\/p>\n<div dir=\"auto\" style=\"margin-bottom: 3rem;\">\n<h3 style=\"text-align: center; max-width: 100%;\">Dear Guests,<\/h3>\n<p style=\"text-align: center; max-width: 100%;\">Every day we make every effort to make your visit to our restaurant a pleasure and a unique experience for you. The highest quality of our food and professional service are our top priority. That is why your opinion is so important. It is thanks to it that we can constantly take care of maintaining a high standard of our work. By leaving us a review, you also help others make a decision about choosing our services.    <\/p>\n<\/div>\n<p>[\/vc_column_text][vc_empty_space][vc_column_inner width=&#8221;1\/2&#8243; offset=&#8221;vc_col-lg-6 vc_col-md-6&#8243;][\/vc_column_inner][vc_column_inner width=&#8221;1\/2&#8243;][\/vc_column_inner][\/vc_row][vc_row row_content_width=&#8221;grid&#8221;][vc_column width=&#8221;1\/2&#8243;][vc_column_text css_animation=&#8221;fadeIn&#8221;]<\/p>\n<h4 style=\"text-align: center; color: #a84437;\">Share your impressions<\/h4>\n<p>[\/vc_column_text][vc_empty_space][vc_column_text css_animation=&#8221;fadeIn&#8221;]<\/p>\n<p style=\"max-width: 100%; text-align: center;\">Did you have a nice time in our restaurant? We will be extremely pleased if you find a moment for us and leave an opinion on the Internet. <\/p>\n<p style=\"max-width: 100%; text-align: center;\">The links below will take you to independent services where you can share your experiences. Thank you for being with us! <\/p>\n<p style=\"max-width: 100%; text-align: center;\">Show your opinion with today&#8217;s date to our waiter and as a thank you will receive a beer of the day or coffee from us to choose from.<\/p>\n<p>[\/vc_column_text][vc_empty_space]<div class=\"mkdf-iwt clearfix share-opinion-on-site mkdf-iwt-icon-top mkdf-iwt-icon-medium \">\n\t<div class=\"mkdf-iwt-icon\">\n\t\t\t\t\t<a itemprop=\"url\" href=\"https:\/\/tripadvisor.com\" target=\"_blank\">\n\t\t\t\t\t\t\t\t\t<span class=\"mkdf-iwt-custom-icon\">\n\t\t\t\t\t<img loading=\"lazy\" decoding=\"async\" width=\"800\" height=\"318\" src=\"https:\/\/browarwarszawski.com\/wp-content\/uploads\/2022\/06\/goko-opinie-trip-advisor.jpg\" class=\"attachment-full size-full\" alt=\"\" srcset=\"https:\/\/browarwarszawski.com\/wp-content\/uploads\/2022\/06\/goko-opinie-trip-advisor.jpg 800w, https:\/\/browarwarszawski.com\/wp-content\/uploads\/2022\/06\/goko-opinie-trip-advisor-300x119.jpg 300w, https:\/\/browarwarszawski.com\/wp-content\/uploads\/2022\/06\/goko-opinie-trip-advisor-768x305.jpg 768w, https:\/\/browarwarszawski.com\/wp-content\/uploads\/2022\/06\/goko-opinie-trip-advisor-600x239.jpg 600w\" sizes=\"auto, (max-width: 800px) 100vw, 800px\" \/>\t\t\t\t\t\t\t\t\t<\/span>\n\t\t\t\t\t\t\t\t<\/a>\n\t\t\t<\/div>\n\t<div class=\"mkdf-iwt-content\" >\n\t\t\t\t\t\t\t<p class=\"mkdf-iwt-text\" >Skorzystaj z poni\u017cszego przycisku i zostaw opini\u0119 w serwisie Tripadvisor (Link prowadzi do formularza w kt\u00f3rym bezpo\u015brednio zostawisz opini\u0119)<\/p>\n\t\t\t<\/div>\n<\/div>[vc_empty_space height=&#8221;18px&#8221;][vc_btn title=&#8221;Leave a review&#8221; style=&#8221;flat&#8221; color=&#8221;danger&#8221; align=&#8221;center&#8221; i_icon_fontawesome=&#8221;fab fa-tripadvisor&#8221; css_animation=&#8221;fadeIn&#8221; add_icon=&#8221;true&#8221; link=&#8221;url:https%3A%2F%2Fwww.tripadvisor.com%2FUserReviewEdit-g274856-d23660388-Browar_Warszawski-Warsaw_Mazovia_Province_Central_Poland.html|target:_blank|rel:nofollow|&#8221;][vc_empty_space]<div class=\"mkdf-iwt clearfix share-opinion-on-site mkdf-iwt-icon-top mkdf-iwt-icon-medium \">\n\t<div class=\"mkdf-iwt-icon\">\n\t\t\t\t\t<a itemprop=\"url\" href=\"https:\/\/www.google.com\/maps\/place\/Browar+Warszawski+Restauracja+i+Bar\/@52.2348184,20.9854813,17z\/data=!4m7!3m6!1s0x471ecd15b517088f:0xbdc73fb4e0b601b6!8m2!3d52.2348151!4d20.98767!9m1!1b1\" target=\"_blank\">\n\t\t\t\t\t\t\t\t\t<span class=\"mkdf-iwt-custom-icon\">\n\t\t\t\t\t<img loading=\"lazy\" decoding=\"async\" width=\"800\" height=\"318\" src=\"https:\/\/browarwarszawski.com\/wp-content\/uploads\/2022\/06\/goko-opinie-google.jpg\" class=\"attachment-full size-full\" alt=\"\" srcset=\"https:\/\/browarwarszawski.com\/wp-content\/uploads\/2022\/06\/goko-opinie-google.jpg 800w, https:\/\/browarwarszawski.com\/wp-content\/uploads\/2022\/06\/goko-opinie-google-300x119.jpg 300w, https:\/\/browarwarszawski.com\/wp-content\/uploads\/2022\/06\/goko-opinie-google-768x305.jpg 768w, https:\/\/browarwarszawski.com\/wp-content\/uploads\/2022\/06\/goko-opinie-google-600x239.jpg 600w\" sizes=\"auto, (max-width: 800px) 100vw, 800px\" \/>\t\t\t\t\t\t\t\t\t<\/span>\n\t\t\t\t\t\t\t\t<\/a>\n\t\t\t<\/div>\n\t<div class=\"mkdf-iwt-content\" >\n\t\t\t\t\t\t\t<p class=\"mkdf-iwt-text\" >Skorzystaj z poni\u017cszego przycisku i zostaw opini\u0119 w serwisie Google (Link prowadzi do formularza w kt\u00f3rym bezpo\u015brednio zostawisz opini\u0119)<\/p>\n\t\t\t<\/div>\n<\/div>[vc_empty_space height=&#8221;18px&#8221;][vc_btn title=&#8221;Leave a review&#8221; style=&#8221;flat&#8221; color=&#8221;danger&#8221; align=&#8221;center&#8221; i_icon_fontawesome=&#8221;fab fa-google&#8221; css_animation=&#8221;fadeIn&#8221; add_icon=&#8221;true&#8221; link=&#8221;url:https%3A%2F%2Fwww.google.com%2Fmaps%2Fplace%2FBrowar%2BWarszawski%2BRestauracja%2Bi%2BBar%2F%4052.2348184%2C20.9854813%2C17z%2Fdata%3D%214m7%213m6%211s0x471ecd15b517088f%3A0xbdc73fb4e0b601b6%218m2%213d52.2348151%214d20.98767%219m1%211b1|&#8221;][vc_empty_space]<div class=\"mkdf-iwt clearfix share-opinion-on-site mkdf-iwt-icon-top mkdf-iwt-icon-medium \">\n\t<div class=\"mkdf-iwt-icon\">\n\t\t\t\t\t<a itemprop=\"url\" href=\"https:\/\/www.facebook.com\/browarwarszawski\/reviews\/\" target=\"_blank\">\n\t\t\t\t\t\t\t\t\t<span class=\"mkdf-iwt-custom-icon\">\n\t\t\t\t\t<img loading=\"lazy\" decoding=\"async\" width=\"1200\" height=\"675\" src=\"https:\/\/browarwarszawski.com\/wp-content\/uploads\/2022\/06\/facebook-new-logo-1200x675-1.jpg\" class=\"attachment-full size-full\" alt=\"\" srcset=\"https:\/\/browarwarszawski.com\/wp-content\/uploads\/2022\/06\/facebook-new-logo-1200x675-1.jpg 1200w, https:\/\/browarwarszawski.com\/wp-content\/uploads\/2022\/06\/facebook-new-logo-1200x675-1-300x169.jpg 300w, https:\/\/browarwarszawski.com\/wp-content\/uploads\/2022\/06\/facebook-new-logo-1200x675-1-1024x576.jpg 1024w, https:\/\/browarwarszawski.com\/wp-content\/uploads\/2022\/06\/facebook-new-logo-1200x675-1-768x432.jpg 768w, https:\/\/browarwarszawski.com\/wp-content\/uploads\/2022\/06\/facebook-new-logo-1200x675-1-600x338.jpg 600w\" sizes=\"auto, (max-width: 1200px) 100vw, 1200px\" \/>\t\t\t\t\t\t\t\t\t<\/span>\n\t\t\t\t\t\t\t\t<\/a>\n\t\t\t<\/div>\n\t<div class=\"mkdf-iwt-content\" >\n\t\t\t\t\t\t\t<p class=\"mkdf-iwt-text\" >Skorzystaj z poni\u017cszego przycisku i zostaw opini\u0119 w serwisie Google (Link prowadzi do formularza w kt\u00f3rym bezpo\u015brednio zostawisz opini\u0119)<\/p>\n\t\t\t<\/div>\n<\/div>[vc_empty_space height=&#8221;18px&#8221;][vc_btn title=&#8221;Leave a review&#8221; style=&#8221;flat&#8221; color=&#8221;danger&#8221; align=&#8221;center&#8221; i_icon_fontawesome=&#8221;fab fa-facebook&#8221; css_animation=&#8221;fadeIn&#8221; add_icon=&#8221;true&#8221; link=&#8221;url:https%3A%2F%2Fwww.facebook.com%2Fbrowarwarszawski%2Freviews%2F|target:_blank|rel:nofollow|&#8221;][\/vc_column][vc_column width=&#8221;1\/2&#8243;][vc_column_text css_animation=&#8221;fadeIn&#8221;]<\/p>\n<h4 style=\"text-align: center; color: #a84437;\">WRITE A REVIEW<\/h4>\n<p>[\/vc_column_text][vc_empty_space][vc_column_text css_animation=&#8221;fadeIn&#8221;]<\/p>\n<p style=\"max-width: 100%; text-align: center;\">Fill out the form below. Remain anonymous or introduce yourself and leave your contact.<br \/>\nThis way, we will immediately know about your feedback and be able to react quickly. <\/p>\n<p>[\/vc_column_text][vc_empty_space]\n<div class=\"wpcf7 no-js\" id=\"wpcf7-f2953-o1\" lang=\"pl-PL\" dir=\"ltr\" data-wpcf7-id=\"2953\">\n<div class=\"screen-reader-response\"><p role=\"status\" aria-live=\"polite\" aria-atomic=\"true\"><\/p> <ul><\/ul><\/div>\n<form action=\"\/en\/wp-json\/wp\/v2\/pages\/3943#wpcf7-f2953-o1\" method=\"post\" class=\"wpcf7-form init\" aria-label=\"Formularz kontaktowy\" novalidate=\"novalidate\" data-status=\"init\">\n<div style=\"display: none;\">\n<input type=\"hidden\" name=\"_wpcf7\" value=\"2953\" \/>\n<input type=\"hidden\" name=\"_wpcf7_version\" value=\"6.0.6\" \/>\n<input type=\"hidden\" name=\"_wpcf7_locale\" value=\"pl_PL\" \/>\n<input type=\"hidden\" name=\"_wpcf7_unit_tag\" value=\"wpcf7-f2953-o1\" \/>\n<input type=\"hidden\" name=\"_wpcf7_container_post\" value=\"0\" \/>\n<input type=\"hidden\" name=\"_wpcf7_posted_data_hash\" value=\"\" \/>\n<\/div>\n<div class=\"mkdf-grid-row qodef-grid-normal-gutter\">\n\t<div class=\"mkdf-grid-col-12\">\n\t\t<p><span class=\"wpcf7-form-control-wrap\" data-name=\"your-name\"><input size=\"40\" maxlength=\"400\" class=\"wpcf7-form-control wpcf7-text wpcf7-validates-as-required\" aria-required=\"true\" aria-invalid=\"false\" placeholder=\"Imi\u0119 i nazwisko *\" value=\"\" type=\"text\" name=\"your-name\" \/><\/span>\n\t\t<\/p>\n\t<\/div>\n\t<div class=\"mkdf-grid-col-12\">\n\t\t<p><span class=\"wpcf7-form-control-wrap\" data-name=\"your-phone\"><input size=\"40\" maxlength=\"400\" class=\"wpcf7-form-control wpcf7-tel wpcf7-validates-as-required wpcf7-text wpcf7-validates-as-tel\" aria-required=\"true\" aria-invalid=\"false\" placeholder=\"Nr telefonu *\" value=\"\" type=\"tel\" name=\"your-phone\" \/><\/span>\n\t\t<\/p>\n\t<\/div>\n\t<div class=\"mkdf-grid-col-12\">\n\t\t<p><span class=\"wpcf7-form-control-wrap\" data-name=\"your-email\"><input size=\"40\" maxlength=\"400\" class=\"wpcf7-form-control wpcf7-email wpcf7-validates-as-required wpcf7-text wpcf7-validates-as-email\" aria-required=\"true\" aria-invalid=\"false\" placeholder=\"Adres email *\" value=\"\" type=\"email\" name=\"your-email\" \/><\/span>\n\t\t<\/p>\n\t<\/div>\n<\/div>\n<div class=\"mkdf-grid-row qodef-grid-normal-gutter\">\n\t<div class=\"mkdf-grid-col-12\">\n\t\t<p><span class=\"wpcf7-form-control-wrap\" data-name=\"your-message\"><textarea cols=\"40\" rows=\"10\" maxlength=\"2000\" class=\"wpcf7-form-control wpcf7-textarea wpcf7-validates-as-required\" aria-required=\"true\" aria-invalid=\"false\" placeholder=\"Opinia\" name=\"your-message\"><\/textarea><\/span>\n\t\t<\/p>\n\t<\/div>\n<\/div>\n<div class=\"mkdf-grid-row qodef-grid-normal-gutter form-additional-info\">\n\t<div class=\"mkdf-grid-col-12\">\n\t\t<p><small>* pole obowi\u0105zkowe<\/small>\n\t\t<\/p>\n\t<\/div>\n<\/div>\n<div class=\"mkdf-grid-row qodef-grid-normal-gutter\">\n\t<div class=\"mkdf-grid-col-12\">\n\t\t<p><span class=\"wpcf7-form-control-wrap\" data-name=\"acceptance-540\"><span class=\"wpcf7-form-control wpcf7-acceptance\"><span class=\"wpcf7-list-item\"><label><input type=\"checkbox\" name=\"acceptance-540\" value=\"1\" aria-invalid=\"false\" \/><span class=\"wpcf7-list-item-label\">Wyra\u017cam zgod\u0119 na przetwarzanie moich danych osobowych zgodnie z ustaw\u0105 o ochronie danych osobowych w celu obs\u0142ugi rezerwacji oraz wysy\u0142ania informacji handlowej. Podanie danych osobowych jest dobrowolne. Zosta\u0142em poinformowany, ze przys\u0142uguje mi prawo dost\u0119pu do swoich danych, mo\u017cliwo\u015bci ich poprawiania, \u017c\u0105dania zaprzestania ich przetwarzania<\/span><\/label><\/span><\/span><\/span>\n\t\t<\/p>\n\t<\/div>\n<\/div>\n<div class=\"mkdf-grid-row qodef-grid-normal-gutter send-form-button-block\">\n\t<div class=\"mkdf-grid-col-12\">\n\t\t<p><input class=\"wpcf7-form-control wpcf7-submit has-spinner\" type=\"submit\" value=\"Wy\u015blij\" \/>\n\t\t<\/p>\n\t<\/div>\n<\/div><input type='hidden' class='wpcf7-pum' value='{\"closepopup\":false,\"closedelay\":0,\"openpopup\":false,\"openpopup_id\":0}' \/><div class=\"wpcf7-response-output\" aria-hidden=\"true\"><\/div>\n<\/form>\n<\/div>\n[\/vc_column][\/vc_row][vc_row][vc_column][vc_empty_space][\/vc_column][\/vc_row]<\/p>\n<\/div>","protected":false},"excerpt":{"rendered":"<p>[vc_row row_content_width=&#8221;grid&#8221; css=&#8221;.vc_custom_1654784365304{margin-top: 50px !important;}&#8221;][vc_column][\/vc_column][vc_column_text css_animation=&#8221;fadeIn&#8221;] Dear Guests, Every day we make every effort to make your visit to our restaurant a pleasure and a unique experience for you. The highest quality of our food and professional service are our [&hellip;]<\/p>\n","protected":false},"author":1,"featured_media":0,"parent":0,"menu_order":0,"comment_status":"closed","ping_status":"closed","template":"full-width.php","meta":{"om_disable_all_campaigns":false,"_monsterinsights_skip_tracking":false,"_monsterinsights_sitenote_active":false,"_monsterinsights_sitenote_note":"","_monsterinsights_sitenote_category":0,"wp_popup_display_lightbox":0,"wp_popup_suppress":"","wp_popup_trigger":"","wp_popup_trigger_amount":0,"wp_popup_disable_on_mobile":false,"footnotes":""},"class_list":["post-3943","page","type-page","status-publish","hentry"],"aioseo_notices":[],"_links":{"self":[{"href":"https:\/\/browarwarszawski.com\/en\/wp-json\/wp\/v2\/pages\/3943","targetHints":{"allow":["GET"]}}],"collection":[{"href":"https:\/\/browarwarszawski.com\/en\/wp-json\/wp\/v2\/pages"}],"about":[{"href":"https:\/\/browarwarszawski.com\/en\/wp-json\/wp\/v2\/types\/page"}],"author":[{"embeddable":true,"href":"https:\/\/browarwarszawski.com\/en\/wp-json\/wp\/v2\/users\/1"}],"replies":[{"embeddable":true,"href":"https:\/\/browarwarszawski.com\/en\/wp-json\/wp\/v2\/comments?post=3943"}],"version-history":[{"count":2,"href":"https:\/\/browarwarszawski.com\/en\/wp-json\/wp\/v2\/pages\/3943\/revisions"}],"predecessor-version":[{"id":3948,"href":"https:\/\/browarwarszawski.com\/en\/wp-json\/wp\/v2\/pages\/3943\/revisions\/3948"}],"wp:attachment":[{"href":"https:\/\/browarwarszawski.com\/en\/wp-json\/wp\/v2\/media?parent=3943"}],"curies":[{"name":"wp","href":"https:\/\/api.w.org\/{rel}","templated":true}]}}